{"id":2950,"date":"2022-02-22T10:27:05","date_gmt":"2022-02-22T15:27:05","guid":{"rendered":"https:\/\/lecollectifbolton-ouest.ca\/donors\/"},"modified":"2022-02-22T10:27:12","modified_gmt":"2022-02-22T15:27:12","slug":"donors","status":"publish","type":"page","link":"https:\/\/lecollectifbolton-ouest.ca\/en\/donors\/","title":{"rendered":"Donors"},"content":{"rendered":"\t\t<div data-elementor-type=\"wp-page\" data-elementor-id=\"2950\" class=\"elementor elementor-2950 elementor-836\" data-elementor-settings=\"[]\">\n\t\t\t\t\t\t<div class=\"elementor-inner\">\n\t\t\t\t\t\t\t<div class=\"elementor-section-wrap\">\n\t\t\t\t\t\t\t<section class=\"elementor-section elementor-top-section elementor-element elementor-element-10242a40 elementor-hidden-tablet elementor-hidden-phone elementor-section-boxed elementor-section-height-default elementor-section-height-default\" data-id=\"10242a40\" data-element_type=\"section\" data-settings=\"{&quot;background_background&quot;:&quot;classic&quot;,&quot;background_motion_fx_motion_fx_scrolling&quot;:&quot;yes&quot;,&quot;background_motion_fx_translateY_effect&quot;:&quot;yes&quot;,&quot;background_motion_fx_translateY_direction&quot;:&quot;negative&quot;,&quot;background_motion_fx_translateY_speed&quot;:{&quot;unit&quot;:&quot;px&quot;,&quot;size&quot;:10,&quot;sizes&quot;:[]},&quot;background_motion_fx_translateY_affectedRange&quot;:{&quot;unit&quot;:&quot;%&quot;,&quot;size&quot;:&quot;&quot;,&quot;sizes&quot;:{&quot;start&quot;:0,&quot;end&quot;:100}},&quot;background_motion_fx_devices&quot;:[&quot;desktop&quot;,&quot;tablet&quot;,&quot;mobile&quot;]}\">\n\t\t\t\t\t\t\t<div class=\"elementor-background-overlay\"><\/div>\n\t\t\t\t\t\t\t<div class=\"elementor-container elementor-column-gap-default\">\n\t\t\t\t\t\t\t<div class=\"elementor-row\">\n\t\t\t\t\t<div class=\"elementor-column elementor-col-100 elementor-top-column elementor-element elementor-element-10b7bb1c\" data-id=\"10b7bb1c\" data-element_type=\"column\">\n\t\t\t<div class=\"elementor-column-wrap elementor-element-populated\">\n\t\t\t\t\t\t\t<div class=\"elementor-widget-wrap\">\n\t\t\t\t\t\t<div class=\"elementor-element elementor-element-74825b76 elementor-widget elementor-widget-heading\" data-id=\"74825b76\" data-element_type=\"widget\" data-widget_type=\"heading.default\">\n\t\t\t\t<div class=\"elementor-widget-container\">\n\t\t\t<h2 class=\"elementor-heading-title elementor-size-default\">Partners<\/h2>\t\t<\/div>\n\t\t\t\t<\/div>\n\t\t\t\t\t\t<\/div>\n\t\t\t\t\t<\/div>\n\t\t<\/div>\n\t\t\t\t\t\t\t\t<\/div>\n\t\t\t\t\t<\/div>\n\t\t<\/section>\n\t\t\t\t<section class=\"elementor-section elementor-top-section elementor-element elementor-element-7a01ce43 elementor-section-boxed elementor-section-height-default elementor-section-height-default\" data-id=\"7a01ce43\" data-element_type=\"section\">\n\t\t\t\t\t\t<div class=\"elementor-container elementor-column-gap-default\">\n\t\t\t\t\t\t\t<div class=\"elementor-row\">\n\t\t\t\t\t<div class=\"elementor-column elementor-col-100 elementor-top-column elementor-element elementor-element-9af1180\" data-id=\"9af1180\" data-element_type=\"column\">\n\t\t\t<div class=\"elementor-column-wrap elementor-element-populated\">\n\t\t\t\t\t\t\t<div class=\"elementor-widget-wrap\">\n\t\t\t\t\t\t<div class=\"elementor-element elementor-element-e375c4b elementor-widget elementor-widget-spacer\" data-id=\"e375c4b\" data-element_type=\"widget\" data-widget_type=\"spacer.default\">\n\t\t\t\t<div class=\"elementor-widget-container\">\n\t\t\t\t\t<div class=\"elementor-spacer\">\n\t\t\t<div class=\"elementor-spacer-inner\"><\/div>\n\t\t<\/div>\n\t\t\t\t<\/div>\n\t\t\t\t<\/div>\n\t\t\t\t<div class=\"elementor-element elementor-element-9c81ed4 elementor-widget elementor-widget-heading\" data-id=\"9c81ed4\" data-element_type=\"widget\" data-widget_type=\"heading.default\">\n\t\t\t\t<div class=\"elementor-widget-container\">\n\t\t\t<h2 class=\"elementor-heading-title elementor-size-default\">Donors<\/h2>\t\t<\/div>\n\t\t\t\t<\/div>\n\t\t\t\t<div class=\"elementor-element elementor-element-6b8412e elementor-widget-divider--view-line elementor-widget elementor-widget-divider\" data-id=\"6b8412e\" data-element_type=\"widget\" data-widget_type=\"divider.default\">\n\t\t\t\t<div class=\"elementor-widget-container\">\n\t\t\t\t\t<div class=\"elementor-divider\">\n\t\t\t<span class=\"elementor-divider-separator\">\n\t\t\t\t\t\t<\/span>\n\t\t<\/div>\n\t\t\t\t<\/div>\n\t\t\t\t<\/div>\n\t\t\t\t<div class=\"elementor-element elementor-element-3db48fb9 elementor-widget elementor-widget-text-editor\" data-id=\"3db48fb9\" data-element_type=\"widget\" data-widget_type=\"text-editor.default\">\n\t\t\t\t<div class=\"elementor-widget-container\">\n\t\t\t\t\t\t\t\t<div class=\"elementor-text-editor elementor-clearfix\">\n\t\t\t\t<h2>2019<\/h2>\n<ul>\n<li>Sustainable Forest Development Program (PADF) through the Agence Foresti\u00e8re de Mont\u00e9r\u00e9gie (AFM)<\/li>\n<\/ul>\n<hr>\n\t\t\t\t\t<\/div>\n\t\t\t\t\t\t<\/div>\n\t\t\t\t<\/div>\n\t\t\t\t<div class=\"elementor-element elementor-element-c737462 elementor-widget-divider--view-line elementor-widget elementor-widget-divider\" data-id=\"c737462\" data-element_type=\"widget\" data-widget_type=\"divider.default\">\n\t\t\t\t<div class=\"elementor-widget-container\">\n\t\t\t\t\t<div class=\"elementor-divider\">\n\t\t\t<span class=\"elementor-divider-separator\">\n\t\t\t\t\t\t<\/span>\n\t\t<\/div>\n\t\t\t\t<\/div>\n\t\t\t\t<\/div>\n\t\t\t\t<div class=\"elementor-element elementor-element-ff323c3 elementor-widget elementor-widget-text-editor\" data-id=\"ff323c3\" data-element_type=\"widget\" data-widget_type=\"text-editor.default\">\n\t\t\t\t<div class=\"elementor-widget-container\">\n\t\t\t\t\t\t\t\t<div class=\"elementor-text-editor elementor-clearfix\">\n\t\t\t\t<h2>2018<\/h2>\n<ul>\n<li>Quebec Wildlife Foundation (Wildlife and Forests Program) through the Appalachian Corridor<\/li>\n<\/ul>\n\t\t\t\t\t<\/div>\n\t\t\t\t\t\t<\/div>\n\t\t\t\t<\/div>\n\t\t\t\t<div class=\"elementor-element elementor-element-cc1bf23 elementor-widget-divider--view-line elementor-widget elementor-widget-divider\" data-id=\"cc1bf23\" data-element_type=\"widget\" data-widget_type=\"divider.default\">\n\t\t\t\t<div class=\"elementor-widget-container\">\n\t\t\t\t\t<div class=\"elementor-divider\">\n\t\t\t<span class=\"elementor-divider-separator\">\n\t\t\t\t\t\t<\/span>\n\t\t<\/div>\n\t\t\t\t<\/div>\n\t\t\t\t<\/div>\n\t\t\t\t<div class=\"elementor-element elementor-element-6532cf4 elementor-widget elementor-widget-text-editor\" data-id=\"6532cf4\" data-element_type=\"widget\" data-widget_type=\"text-editor.default\">\n\t\t\t\t<div class=\"elementor-widget-container\">\n\t\t\t\t\t\t\t\t<div class=\"elementor-text-editor elementor-clearfix\">\n\t\t\t\t<h2>2017<\/h2>\n<ul>\n<li>Ministry of Sustainable Development, Environment and Parks (MDDP) through the Agence Foresti\u00e8re de Mont\u00e9r\u00e9gie (AFM) through its Plan for the Protection and Enhancement of Private Forests (PPMV)<\/li>\n<\/ul>\n\t\t\t\t\t<\/div>\n\t\t\t\t\t\t<\/div>\n\t\t\t\t<\/div>\n\t\t\t\t<div class=\"elementor-element elementor-element-044f6cb elementor-widget-divider--view-line elementor-widget elementor-widget-divider\" data-id=\"044f6cb\" data-element_type=\"widget\" data-widget_type=\"divider.default\">\n\t\t\t\t<div class=\"elementor-widget-container\">\n\t\t\t\t\t<div class=\"elementor-divider\">\n\t\t\t<span class=\"elementor-divider-separator\">\n\t\t\t\t\t\t<\/span>\n\t\t<\/div>\n\t\t\t\t<\/div>\n\t\t\t\t<\/div>\n\t\t\t\t<div class=\"elementor-element elementor-element-2cf0770 elementor-widget elementor-widget-text-editor\" data-id=\"2cf0770\" data-element_type=\"widget\" data-widget_type=\"text-editor.default\">\n\t\t\t\t<div class=\"elementor-widget-container\">\n\t\t\t\t\t\t\t\t<div class=\"elementor-text-editor elementor-clearfix\">\n\t\t\t\t<h2>2016<\/h2>\n<ul>\n<li>Founding members of the Collective (initial fundraising)<\/li>\n<li>Agriconseils network (provincial subsidy)<\/li>\n<li>Brome-Missisquoi Pact<\/li>\n<li>Municipality of West Bolton (services)<\/li>\n<\/ul>\n\t\t\t\t\t<\/div>\n\t\t\t\t\t\t<\/div>\n\t\t\t\t<\/div>\n\t\t\t\t<div class=\"elementor-element elementor-element-ef47f9e elementor-widget-divider--view-line elementor-widget elementor-widget-divider\" data-id=\"ef47f9e\" data-element_type=\"widget\" data-widget_type=\"divider.default\">\n\t\t\t\t<div class=\"elementor-widget-container\">\n\t\t\t\t\t<div class=\"elementor-divider\">\n\t\t\t<span class=\"elementor-divider-separator\">\n\t\t\t\t\t\t<\/span>\n\t\t<\/div>\n\t\t\t\t<\/div>\n\t\t\t\t<\/div>\n\t\t\t\t\t\t<\/div>\n\t\t\t\t\t<\/div>\n\t\t<\/div>\n\t\t\t\t\t\t\t\t<\/div>\n\t\t\t\t\t<\/div>\n\t\t<\/section>\n\t\t\t\t\t\t<\/div>\n\t\t\t\t\t\t<\/div>\n\t\t\t\t\t<\/div>\n\t\t","protected":false},"excerpt":{"rendered":"<p>Partners Donors 2019 Sustainable Forest Development Program (PADF) through the Agence Foresti\u00e8re de Mont\u00e9r\u00e9gie (AFM) 2018 Quebec Wildlife Foundation (Wildlife and Forests Program) through the Appalachian Corridor 2017 Ministry of [&hellip;]<\/p>\n","protected":false},"author":2,"featured_media":0,"parent":0,"menu_order":31,"comment_status":"closed","ping_status":"closed","template":"","meta":{"site-sidebar-layout":"no-sidebar","site-content-layout":"page-builder","ast-site-content-layout":"","site-content-style":"default","site-sidebar-style":"default","ast-global-header-display":"","ast-banner-title-visibility":"","ast-main-header-display":"","ast-hfb-above-header-display":"","ast-hfb-below-header-display":"","ast-hfb-mobile-header-display":"","site-post-title":"disabled","ast-breadcrumbs-content":"","ast-featured-img":"disabled","footer-sml-layout":"","theme-transparent-header-meta":"default","adv-header-id-meta":"","stick-header-meta":"","header-above-stick-meta":"","header-main-stick-meta":"","header-below-stick-meta":"","astra-migrate-meta-layouts":"default","ast-page-background-enabled":"default","ast-page-background-meta":{"desktop":{"background-color":"","background-image":"","background-repeat":"repeat","background-position":"center center","background-size":"auto","background-attachment":"scroll","background-type":"","background-media":"","overlay-type":"","overlay-color":"","overlay-opacity":"","overlay-gradient":""},"tablet":{"background-color":"","background-image":"","background-repeat":"repeat","background-position":"center center","background-size":"auto","background-attachment":"scroll","background-type":"","background-media":"","overlay-type":"","overlay-color":"","overlay-opacity":"","overlay-gradient":""},"mobile":{"background-color":"","background-image":"","background-repeat":"repeat","background-position":"center center","background-size":"auto","background-attachment":"scroll","background-type":"","background-media":"","overlay-type":"","overlay-color":"","overlay-opacity":"","overlay-gradient":""}},"ast-content-background-meta":{"desktop":{"background-color":"var(--ast-global-color-5)","background-image":"","background-repeat":"repeat","background-position":"center center","background-size":"auto","background-attachment":"scroll","background-type":"","background-media":"","overlay-type":"","overlay-color":"","overlay-opacity":"","overlay-gradient":""},"tablet":{"background-color":"var(--ast-global-color-5)","background-image":"","background-repeat":"repeat","background-position":"center center","background-size":"auto","background-attachment":"scroll","background-type":"","background-media":"","overlay-type":"","overlay-color":"","overlay-opacity":"","overlay-gradient":""},"mobile":{"background-color":"var(--ast-global-color-5)","background-image":"","background-repeat":"repeat","background-position":"center center","background-size":"auto","background-attachment":"scroll","background-type":"","background-media":"","overlay-type":"","overlay-color":"","overlay-opacity":"","overlay-gradient":""}},"footnotes":""},"class_list":["post-2950","page","type-page","status-publish","hentry"],"yoast_head":"<!-- This site is optimized with the Yoast SEO plugin v23.1 - https:\/\/yoast.com\/wordpress\/plugins\/seo\/ -->\n<title>Donors - Le Collectif de Bolton-Ouest<\/title>\n<meta name=\"robots\" content=\"index, follow, max-snippet:-1, max-image-preview:large, max-video-preview:-1\" \/>\n<link rel=\"canonical\" href=\"https:\/\/lecollectifbolton-ouest.ca\/en\/donors\/\" \/>\n<meta property=\"og:locale\" content=\"en_US\" \/>\n<meta property=\"og:type\" content=\"article\" \/>\n<meta property=\"og:title\" content=\"Donors - Le Collectif de Bolton-Ouest\" \/>\n<meta property=\"og:description\" content=\"Partners Donors 2019 Sustainable Forest Development Program (PADF) through the Agence Foresti\u00e8re de Mont\u00e9r\u00e9gie (AFM) 2018 Quebec Wildlife Foundation (Wildlife and Forests Program) through the Appalachian Corridor 2017 Ministry of [&hellip;]\" \/>\n<meta property=\"og:url\" content=\"https:\/\/lecollectifbolton-ouest.ca\/en\/donors\/\" \/>\n<meta property=\"og:site_name\" content=\"Le Collectif de Bolton-Ouest\" \/>\n<meta property=\"article:modified_time\" content=\"2022-02-22T15:27:12+00:00\" \/>\n<meta property=\"og:image\" content=\"https:\/\/lecollectifbolton-ouest.ca\/wp-content\/uploads\/2021\/01\/image-partage-collectif-bolton-ouest.png\" \/>\n\t<meta property=\"og:image:width\" content=\"1200\" \/>\n\t<meta property=\"og:image:height\" content=\"630\" \/>\n\t<meta property=\"og:image:type\" content=\"image\/png\" \/>\n<meta name=\"twitter:card\" content=\"summary_large_image\" \/>\n<script type=\"application\/ld+json\" class=\"yoast-schema-graph\">{\"@context\":\"https:\/\/schema.org\",\"@graph\":[{\"@type\":\"WebPage\",\"@id\":\"https:\/\/lecollectifbolton-ouest.ca\/en\/donors\/\",\"url\":\"https:\/\/lecollectifbolton-ouest.ca\/en\/donors\/\",\"name\":\"Donors - Le Collectif de Bolton-Ouest\",\"isPartOf\":{\"@id\":\"https:\/\/lecollectifbolton-ouest.ca\/#website\"},\"datePublished\":\"2022-02-22T15:27:05+00:00\",\"dateModified\":\"2022-02-22T15:27:12+00:00\",\"breadcrumb\":{\"@id\":\"https:\/\/lecollectifbolton-ouest.ca\/en\/donors\/#breadcrumb\"},\"inLanguage\":\"en-US\",\"potentialAction\":[{\"@type\":\"ReadAction\",\"target\":[\"https:\/\/lecollectifbolton-ouest.ca\/en\/donors\/\"]}]},{\"@type\":\"BreadcrumbList\",\"@id\":\"https:\/\/lecollectifbolton-ouest.ca\/en\/donors\/#breadcrumb\",\"itemListElement\":[{\"@type\":\"ListItem\",\"position\":1,\"name\":\"Accueil\",\"item\":\"https:\/\/lecollectifbolton-ouest.ca\/en\/\"},{\"@type\":\"ListItem\",\"position\":2,\"name\":\"Donors\"}]},{\"@type\":\"WebSite\",\"@id\":\"https:\/\/lecollectifbolton-ouest.ca\/#website\",\"url\":\"https:\/\/lecollectifbolton-ouest.ca\/\",\"name\":\"Le Collectif de Bolton-Ouest\",\"description\":\"Une histoire \u00e0 cultiver\",\"potentialAction\":[{\"@type\":\"SearchAction\",\"target\":{\"@type\":\"EntryPoint\",\"urlTemplate\":\"https:\/\/lecollectifbolton-ouest.ca\/?s={search_term_string}\"},\"query-input\":\"required name=search_term_string\"}],\"inLanguage\":\"en-US\"}]}<\/script>\n<!-- \/ Yoast SEO plugin. -->","yoast_head_json":{"title":"Donors - Le Collectif de Bolton-Ouest","robots":{"index":"index","follow":"follow","max-snippet":"max-snippet:-1","max-image-preview":"max-image-preview:large","max-video-preview":"max-video-preview:-1"},"canonical":"https:\/\/lecollectifbolton-ouest.ca\/en\/donors\/","og_locale":"en_US","og_type":"article","og_title":"Donors - Le Collectif de Bolton-Ouest","og_description":"Partners Donors 2019 Sustainable Forest Development Program (PADF) through the Agence Foresti\u00e8re de Mont\u00e9r\u00e9gie (AFM) 2018 Quebec Wildlife Foundation (Wildlife and Forests Program) through the Appalachian Corridor 2017 Ministry of [&hellip;]","og_url":"https:\/\/lecollectifbolton-ouest.ca\/en\/donors\/","og_site_name":"Le Collectif de Bolton-Ouest","article_modified_time":"2022-02-22T15:27:12+00:00","og_image":[{"width":1200,"height":630,"url":"https:\/\/lecollectifbolton-ouest.ca\/wp-content\/uploads\/2021\/01\/image-partage-collectif-bolton-ouest.png","type":"image\/png"}],"twitter_card":"summary_large_image","schema":{"@context":"https:\/\/schema.org","@graph":[{"@type":"WebPage","@id":"https:\/\/lecollectifbolton-ouest.ca\/en\/donors\/","url":"https:\/\/lecollectifbolton-ouest.ca\/en\/donors\/","name":"Donors - Le Collectif de Bolton-Ouest","isPartOf":{"@id":"https:\/\/lecollectifbolton-ouest.ca\/#website"},"datePublished":"2022-02-22T15:27:05+00:00","dateModified":"2022-02-22T15:27:12+00:00","breadcrumb":{"@id":"https:\/\/lecollectifbolton-ouest.ca\/en\/donors\/#breadcrumb"},"inLanguage":"en-US","potentialAction":[{"@type":"ReadAction","target":["https:\/\/lecollectifbolton-ouest.ca\/en\/donors\/"]}]},{"@type":"BreadcrumbList","@id":"https:\/\/lecollectifbolton-ouest.ca\/en\/donors\/#breadcrumb","itemListElement":[{"@type":"ListItem","position":1,"name":"Accueil","item":"https:\/\/lecollectifbolton-ouest.ca\/en\/"},{"@type":"ListItem","position":2,"name":"Donors"}]},{"@type":"WebSite","@id":"https:\/\/lecollectifbolton-ouest.ca\/#website","url":"https:\/\/lecollectifbolton-ouest.ca\/","name":"Le Collectif de Bolton-Ouest","description":"Une histoire \u00e0 cultiver","potentialAction":[{"@type":"SearchAction","target":{"@type":"EntryPoint","urlTemplate":"https:\/\/lecollectifbolton-ouest.ca\/?s={search_term_string}"},"query-input":"required name=search_term_string"}],"inLanguage":"en-US"}]}},"_links":{"self":[{"href":"https:\/\/lecollectifbolton-ouest.ca\/en\/wp-json\/wp\/v2\/pages\/2950"}],"collection":[{"href":"https:\/\/lecollectifbolton-ouest.ca\/en\/wp-json\/wp\/v2\/pages"}],"about":[{"href":"https:\/\/lecollectifbolton-ouest.ca\/en\/wp-json\/wp\/v2\/types\/page"}],"author":[{"embeddable":true,"href":"https:\/\/lecollectifbolton-ouest.ca\/en\/wp-json\/wp\/v2\/users\/2"}],"replies":[{"embeddable":true,"href":"https:\/\/lecollectifbolton-ouest.ca\/en\/wp-json\/wp\/v2\/comments?post=2950"}],"version-history":[{"count":1,"href":"https:\/\/lecollectifbolton-ouest.ca\/en\/wp-json\/wp\/v2\/pages\/2950\/revisions"}],"predecessor-version":[{"id":2951,"href":"https:\/\/lecollectifbolton-ouest.ca\/en\/wp-json\/wp\/v2\/pages\/2950\/revisions\/2951"}],"wp:attachment":[{"href":"https:\/\/lecollectifbolton-ouest.ca\/en\/wp-json\/wp\/v2\/media?parent=2950"}],"curies":[{"name":"wp","href":"https:\/\/api.w.org\/{rel}","templated":true}]}}