{"id":3017,"date":"2022-02-22T10:44:36","date_gmt":"2022-02-22T15:44:36","guid":{"rendered":"https:\/\/lecollectifbolton-ouest.ca\/order-firewood\/"},"modified":"2026-04-17T11:45:38","modified_gmt":"2026-04-17T15:45:38","slug":"order-firewood","status":"publish","type":"page","link":"https:\/\/lecollectifbolton-ouest.ca\/en\/order-firewood\/","title":{"rendered":"Order Firewood"},"content":{"rendered":"\t\t<div data-elementor-type=\"wp-page\" data-elementor-id=\"3017\" class=\"elementor elementor-3017 elementor-2384\" data-elementor-settings=\"[]\">\n\t\t\t\t\t\t<div class=\"elementor-inner\">\n\t\t\t\t\t\t\t<div class=\"elementor-section-wrap\">\n\t\t\t\t\t\t\t<section class=\"elementor-section elementor-top-section elementor-element elementor-element-10242a40 elementor-hidden-tablet elementor-hidden-phone elementor-section-boxed elementor-section-height-default elementor-section-height-default\" data-id=\"10242a40\" data-element_type=\"section\" data-settings=\"{&quot;background_background&quot;:&quot;classic&quot;,&quot;background_motion_fx_motion_fx_scrolling&quot;:&quot;yes&quot;,&quot;background_motion_fx_translateY_effect&quot;:&quot;yes&quot;,&quot;background_motion_fx_translateY_direction&quot;:&quot;negative&quot;,&quot;background_motion_fx_translateY_speed&quot;:{&quot;unit&quot;:&quot;px&quot;,&quot;size&quot;:10,&quot;sizes&quot;:[]},&quot;background_motion_fx_translateY_affectedRange&quot;:{&quot;unit&quot;:&quot;%&quot;,&quot;size&quot;:&quot;&quot;,&quot;sizes&quot;:{&quot;start&quot;:0,&quot;end&quot;:100}},&quot;background_motion_fx_devices&quot;:[&quot;desktop&quot;,&quot;tablet&quot;,&quot;mobile&quot;]}\">\n\t\t\t\t\t\t\t<div class=\"elementor-background-overlay\"><\/div>\n\t\t\t\t\t\t\t<div class=\"elementor-container elementor-column-gap-default\">\n\t\t\t\t\t\t\t<div class=\"elementor-row\">\n\t\t\t\t\t<div class=\"elementor-column elementor-col-100 elementor-top-column elementor-element elementor-element-10b7bb1c\" data-id=\"10b7bb1c\" data-element_type=\"column\">\n\t\t\t<div class=\"elementor-column-wrap elementor-element-populated\">\n\t\t\t\t\t\t\t<div class=\"elementor-widget-wrap\">\n\t\t\t\t\t\t<div class=\"elementor-element elementor-element-74825b76 elementor-widget elementor-widget-heading\" data-id=\"74825b76\" data-element_type=\"widget\" data-widget_type=\"heading.default\">\n\t\t\t\t<div class=\"elementor-widget-container\">\n\t\t\t<h2 class=\"elementor-heading-title elementor-size-default\">Ordering firewood<\/h2>\t\t<\/div>\n\t\t\t\t<\/div>\n\t\t\t\t\t\t<\/div>\n\t\t\t\t\t<\/div>\n\t\t<\/div>\n\t\t\t\t\t\t\t\t<\/div>\n\t\t\t\t\t<\/div>\n\t\t<\/section>\n\t\t\t\t<section class=\"elementor-section elementor-top-section elementor-element elementor-element-7a01ce43 elementor-section-boxed elementor-section-height-default elementor-section-height-default\" data-id=\"7a01ce43\" data-element_type=\"section\">\n\t\t\t\t\t\t<div class=\"elementor-container elementor-column-gap-default\">\n\t\t\t\t\t\t\t<div class=\"elementor-row\">\n\t\t\t\t\t<div class=\"elementor-column elementor-col-100 elementor-top-column elementor-element elementor-element-9af1180\" data-id=\"9af1180\" data-element_type=\"column\">\n\t\t\t<div class=\"elementor-column-wrap elementor-element-populated\">\n\t\t\t\t\t\t\t<div class=\"elementor-widget-wrap\">\n\t\t\t\t\t\t<div class=\"elementor-element elementor-element-e375c4b elementor-widget elementor-widget-spacer\" data-id=\"e375c4b\" data-element_type=\"widget\" data-widget_type=\"spacer.default\">\n\t\t\t\t<div class=\"elementor-widget-container\">\n\t\t\t\t\t<div class=\"elementor-spacer\">\n\t\t\t<div class=\"elementor-spacer-inner\"><\/div>\n\t\t<\/div>\n\t\t\t\t<\/div>\n\t\t\t\t<\/div>\n\t\t\t\t<div class=\"elementor-element elementor-element-e9b8531 elementor-widget elementor-widget-heading\" data-id=\"e9b8531\" data-element_type=\"widget\" data-widget_type=\"heading.default\">\n\t\t\t\t<div class=\"elementor-widget-container\">\n\t\t\t<h2 class=\"elementor-heading-title elementor-size-default\">Information :<\/h2>\t\t<\/div>\n\t\t\t\t<\/div>\n\t\t\t\t<div class=\"elementor-element elementor-element-638a896 elementor-widget elementor-widget-text-editor\" data-id=\"638a896\" data-element_type=\"widget\" data-widget_type=\"text-editor.default\">\n\t\t\t\t<div class=\"elementor-widget-container\">\n\t\t\t\t\t\t\t\t<div class=\"elementor-text-editor elementor-clearfix\">\n\t\t\t\t<p>Le Clos des Colverts offers you top-quality hardwood firewood. Mixed wood species of maple, ash and cherry. Ideal for slow-burning fireplaces and\/or wood-burning stoves. 16\u2033 logs split into medium and small logs. Our wooden cords measure 4 feet high by 8 feet long and 16 inches deep. Consult the map image below to check if you are located within the 5km radius for delivery service eligibility.<\/p>\n<div> <\/div>\n\t\t\t\t\t<\/div>\n\t\t\t\t\t\t<\/div>\n\t\t\t\t<\/div>\n\t\t\t\t<div class=\"elementor-element elementor-element-a28ea27 elementor-widget-divider--view-line elementor-widget elementor-widget-divider\" data-id=\"a28ea27\" data-element_type=\"widget\" data-widget_type=\"divider.default\">\n\t\t\t\t<div class=\"elementor-widget-container\">\n\t\t\t\t\t<div class=\"elementor-divider\">\n\t\t\t<span class=\"elementor-divider-separator\">\n\t\t\t\t\t\t<\/span>\n\t\t<\/div>\n\t\t\t\t<\/div>\n\t\t\t\t<\/div>\n\t\t\t\t<div class=\"elementor-element elementor-element-0be16ce eael-contact-form-7-button-align-left eael-contact-form-7-button-custom elementor-widget elementor-widget-eael-contact-form-7\" data-id=\"0be16ce\" data-element_type=\"widget\" data-widget_type=\"eael-contact-form-7.default\">\n\t\t\t\t<div class=\"elementor-widget-container\">\n\t\t\t<div class=\"eael-contact-form-7-wrapper\">\n                <div class=\"eael-contact-form eael-contact-form-7 eael-contact-form-0be16ce placeholder-show eael-custom-radio-checkbox eael-contact-form-align-default\"><div role=\"form\" class=\"wpcf7\" id=\"wpcf7-f2387-o1\" lang=\"fr-FR\" dir=\"ltr\">\n<div class=\"screen-reader-response\"><p role=\"status\" aria-live=\"polite\" aria-atomic=\"true\"><\/p> <ul><\/ul><\/div>\n<form action=\"\/en\/wp-json\/wp\/v2\/pages\/3017#wpcf7-f2387-o1\" method=\"post\" class=\"wpcf7-form init\" novalidate=\"novalidate\" data-status=\"init\">\n<div style=\"display: none;\">\n<input type=\"hidden\" name=\"_wpcf7\" value=\"2387\" \/>\n<input type=\"hidden\" name=\"_wpcf7_version\" value=\"5.5.5\" \/>\n<input type=\"hidden\" name=\"_wpcf7_locale\" value=\"fr_FR\" \/>\n<input type=\"hidden\" name=\"_wpcf7_unit_tag\" value=\"wpcf7-f2387-o1\" \/>\n<input type=\"hidden\" name=\"_wpcf7_container_post\" value=\"0\" \/>\n<input type=\"hidden\" name=\"_wpcf7_posted_data_hash\" value=\"\" \/>\n<\/div>\n<div class=\"coordonnees\">\n<h2>Vos coordonn\u00e9es :<\/h2>\n<p><span class=\"wpcf7-form-control-wrap text-1\"><input type=\"text\" name=\"text-1\" value=\"\" size=\"40\" class=\"wpcf7-form-control wpcf7-text wpcf7-validates-as-required\" aria-required=\"true\" aria-invalid=\"false\" placeholder=\"Nom\" \/><\/span><br \/>\n<span class=\"wpcf7-form-control-wrap text-2\"><input type=\"text\" name=\"text-2\" value=\"\" size=\"40\" class=\"wpcf7-form-control wpcf7-text wpcf7-validates-as-required\" aria-required=\"true\" aria-invalid=\"false\" placeholder=\"Pr\u00e9nom\" \/><\/span><br \/>\n<span class=\"wpcf7-form-control-wrap text-3\"><input type=\"text\" name=\"text-3\" value=\"\" size=\"40\" class=\"wpcf7-form-control wpcf7-text\" aria-invalid=\"false\" placeholder=\"Nom de l\u2019entreprise (facultatif)\" \/><\/span><br \/>\n<span class=\"wpcf7-form-control-wrap text-4\"><input type=\"text\" name=\"text-4\" value=\"\" size=\"40\" class=\"wpcf7-form-control wpcf7-text wpcf7-validates-as-required\" aria-required=\"true\" aria-invalid=\"false\" placeholder=\"Num\u00e9ro et nom de rue\" \/><\/span><br \/>\n<span class=\"wpcf7-form-control-wrap text-5\"><input type=\"text\" name=\"text-5\" value=\"\" size=\"40\" class=\"wpcf7-form-control wpcf7-text wpcf7-validates-as-required\" aria-required=\"true\" aria-invalid=\"false\" placeholder=\"Ville\" \/><\/span><br \/>\n<span class=\"wpcf7-form-control-wrap text-6\"><input type=\"text\" name=\"text-6\" value=\"\" size=\"40\" class=\"wpcf7-form-control wpcf7-text wpcf7-validates-as-required\" aria-required=\"true\" aria-invalid=\"false\" placeholder=\"Code postal\" \/><\/span><br \/>\n<span class=\"wpcf7-form-control-wrap tel-7\"><input type=\"tel\" name=\"tel-7\" value=\"\" size=\"40\" class=\"wpcf7-form-control wpcf7-text wpcf7-tel wpcf7-validates-as-required wpcf7-validates-as-tel\" aria-required=\"true\" aria-invalid=\"false\" placeholder=\"T\u00e9l\u00e9phone\" \/><\/span><br \/>\n<span class=\"wpcf7-form-control-wrap email-8\"><input type=\"email\" name=\"email-8\" value=\"\" size=\"40\" class=\"wpcf7-form-control wpcf7-text wpcf7-email wpcf7-validates-as-required wpcf7-validates-as-email\" aria-required=\"true\" aria-invalid=\"false\" placeholder=\"Adresse courriel\" \/><\/span><br \/>\n<span class=\"wpcf7-form-control-wrap textarea-8\"><textarea name=\"textarea-8\" cols=\"40\" rows=\"10\" class=\"wpcf7-form-control wpcf7-textarea\" aria-invalid=\"false\" placeholder=\"Consigne de livraison (facultatif)\"><\/textarea><\/span>\n<\/p><\/div>\n<div class=\"commande\">\n<h2>Demande de r\u00e9servation pour \u00e9t\u00e9-automne 2026 :<\/h2>\n<p><span class=\"wpcf7-form-control-wrap radio-10\"><span class=\"wpcf7-form-control wpcf7-radio\"><span class=\"wpcf7-list-item first\"><label><input type=\"radio\" name=\"radio-10\" value=\"Corde de bois non livr\u00e9e (125$ch.)\" \/><span class=\"wpcf7-list-item-label\">Corde de bois non livr\u00e9e (125$ch.)<\/span><\/label><\/span><span class=\"wpcf7-list-item last\"><label><input type=\"radio\" name=\"radio-10\" value=\"Corde de bois livr\u00e9e (145$ch.)\" checked=\"checked\" \/><span class=\"wpcf7-list-item-label\">Corde de bois livr\u00e9e (145$ch.)<\/span><\/label><\/span><\/span><\/span><br \/>\n<label>Quantit\u00e9 de corde de bois : <span class=\"wpcf7-form-control-wrap menu-11\"><select name=\"menu-11\" class=\"wpcf7-form-control wpcf7-select wpcf7-validates-as-required\" aria-required=\"true\" aria-invalid=\"false\"><option value=\"1\">1<\/option><option value=\"2\">2<\/option><option value=\"3\">3<\/option><option value=\"4\">4<\/option><option value=\"5\">5<\/option><option value=\"6\">6<\/option><option value=\"7\">7<\/option><option value=\"8\">8<\/option><option value=\"9\">9<\/option><option value=\"10\">10<\/option><option value=\"11\">11<\/option><option value=\"12\">12<\/option><option value=\"13\">13<\/option><option value=\"14\">14<\/option><option value=\"15\">15<\/option><option value=\"16\">16<\/option><option value=\"17\">17<\/option><option value=\"18\">18<\/option><option value=\"19\">19<\/option><option value=\"20\">20<\/option><\/select><\/span><\/label><\/p>\n<p>Si vous choisissez l\u2019option \u201cNon livr\u00e9e\u201d, vous devrez venir chercher vos cordes de bois \u00e0 la date et l'endroit qui vous seront confirm\u00e9 prochainement par courriel.<\/p>\n<p>* Paiement en argent sur r\u00e9ception du bois seulement.<\/p>\n<p><span class=\"wpcf7-form-control-wrap hidden-amount\"><input type=\"text\" name=\"hidden-amount\" value=\"145\" size=\"40\" class=\"wpcf7-form-control wpcf7-text\" aria-invalid=\"false\" \/><\/span><br \/>\n<input type=\"submit\" value=\"Envoyer votre demande de r\u00e9servation\" class=\"wpcf7-form-control has-spinner wpcf7-submit\" \/>\n<\/p><\/div>\n<div class=\"wpcf7-response-output\" aria-hidden=\"true\"><\/div><\/form><\/div><\/div>\n            <\/div>\t\t<\/div>\n\t\t\t\t<\/div>\n\t\t\t\t\t\t<\/div>\n\t\t\t\t\t<\/div>\n\t\t<\/div>\n\t\t\t\t\t\t\t\t<\/div>\n\t\t\t\t\t<\/div>\n\t\t<\/section>\n\t\t\t\t<section class=\"elementor-section elementor-top-section elementor-element elementor-element-3036a5e elementor-section-boxed elementor-section-height-default elementor-section-height-default\" data-id=\"3036a5e\" data-element_type=\"section\">\n\t\t\t\t\t\t<div class=\"elementor-container elementor-column-gap-default\">\n\t\t\t\t\t\t\t<div class=\"elementor-row\">\n\t\t\t\t\t<div class=\"elementor-column elementor-col-100 elementor-top-column elementor-element elementor-element-c655857\" data-id=\"c655857\" data-element_type=\"column\">\n\t\t\t<div class=\"elementor-column-wrap elementor-element-populated\">\n\t\t\t\t\t\t\t<div class=\"elementor-widget-wrap\">\n\t\t\t\t\t\t<div class=\"elementor-element elementor-element-6b8412e elementor-widget-divider--view-line elementor-widget elementor-widget-divider\" data-id=\"6b8412e\" data-element_type=\"widget\" data-widget_type=\"divider.default\">\n\t\t\t\t<div class=\"elementor-widget-container\">\n\t\t\t\t\t<div class=\"elementor-divider\">\n\t\t\t<span class=\"elementor-divider-separator\">\n\t\t\t\t\t\t<\/span>\n\t\t<\/div>\n\t\t\t\t<\/div>\n\t\t\t\t<\/div>\n\t\t\t\t<div class=\"elementor-element elementor-element-4d30bc7 elementor-widget elementor-widget-heading\" data-id=\"4d30bc7\" data-element_type=\"widget\" data-widget_type=\"heading.default\">\n\t\t\t\t<div class=\"elementor-widget-container\">\n\t\t\t<h2 class=\"elementor-heading-title elementor-size-default\">Radius for possible delivery :<\/h2>\t\t<\/div>\n\t\t\t\t<\/div>\n\t\t\t\t<div class=\"elementor-element elementor-element-2973242 elementor-widget elementor-widget-image\" data-id=\"2973242\" data-element_type=\"widget\" data-widget_type=\"image.default\">\n\t\t\t\t<div class=\"elementor-widget-container\">\n\t\t\t\t\t\t\t\t<div class=\"elementor-image\">\n\t\t\t\t\t\t\t\t\t\t\t\t<img decoding=\"async\" width=\"1024\" height=\"561\" src=\"https:\/\/lecollectifbolton-ouest.ca\/wp-content\/uploads\/2021\/08\/rayon-10km-1024x561.png\" class=\"attachment-large size-large\" alt=\"\" srcset=\"https:\/\/lecollectifbolton-ouest.ca\/wp-content\/uploads\/2021\/08\/rayon-10km-1024x561.png 1024w, https:\/\/lecollectifbolton-ouest.ca\/wp-content\/uploads\/2021\/08\/rayon-10km-300x164.png 300w, https:\/\/lecollectifbolton-ouest.ca\/wp-content\/uploads\/2021\/08\/rayon-10km-768x421.png 768w, https:\/\/lecollectifbolton-ouest.ca\/wp-content\/uploads\/2021\/08\/rayon-10km-1536x842.png 1536w, https:\/\/lecollectifbolton-ouest.ca\/wp-content\/uploads\/2021\/08\/rayon-10km-2048x1122.png 2048w\" sizes=\"(max-width: 1024px) 100vw, 1024px\" \/>\t\t\t\t\t\t\t\t\t\t\t\t\t\t<\/div>\n\t\t\t\t\t\t<\/div>\n\t\t\t\t<\/div>\n\t\t\t\t\t\t<\/div>\n\t\t\t\t\t<\/div>\n\t\t<\/div>\n\t\t\t\t\t\t\t\t<\/div>\n\t\t\t\t\t<\/div>\n\t\t<\/section>\n\t\t\t\t\t\t<\/div>\n\t\t\t\t\t\t<\/div>\n\t\t\t\t\t<\/div>\n\t\t","protected":false},"excerpt":{"rendered":"<p>Ordering firewood Information : Le Clos des Colverts offers you top-quality hardwood firewood. Mixed wood species of maple, ash and cherry. Ideal for slow-burning fireplaces and\/or wood-burning stoves. 16\u2033 logs [&hellip;]<\/p>\n","protected":false},"author":6,"featured_media":0,"parent":0,"menu_order":20,"comment_status":"closed","ping_status":"closed","template":"","meta":{"site-sidebar-layout":"no-sidebar","site-content-layout":"page-builder","ast-site-content-layout":"","site-content-style":"default","site-sidebar-style":"default","ast-global-header-display":"","ast-banner-title-visibility":"","ast-main-header-display":"","ast-hfb-above-header-display":"","ast-hfb-below-header-display":"","ast-hfb-mobile-header-display":"","site-post-title":"disabled","ast-breadcrumbs-content":"","ast-featured-img":"disabled","footer-sml-layout":"","theme-transparent-header-meta":"default","adv-header-id-meta":"","stick-header-meta":"","header-above-stick-meta":"","header-main-stick-meta":"","header-below-stick-meta":"","astra-migrate-meta-layouts":"default","ast-page-background-enabled":"default","ast-page-background-meta":{"desktop":{"background-color":"","background-image":"","background-repeat":"repeat","background-position":"center center","background-size":"auto","background-attachment":"scroll","background-type":"","background-media":"","overlay-type":"","overlay-color":"","overlay-opacity":"","overlay-gradient":""},"tablet":{"background-color":"","background-image":"","background-repeat":"repeat","background-position":"center center","background-size":"auto","background-attachment":"scroll","background-type":"","background-media":"","overlay-type":"","overlay-color":"","overlay-opacity":"","overlay-gradient":""},"mobile":{"background-color":"","background-image":"","background-repeat":"repeat","background-position":"center center","background-size":"auto","background-attachment":"scroll","background-type":"","background-media":"","overlay-type":"","overlay-color":"","overlay-opacity":"","overlay-gradient":""}},"ast-content-background-meta":{"desktop":{"background-color":"var(--ast-global-color-5)","background-image":"","background-repeat":"repeat","background-position":"center center","background-size":"auto","background-attachment":"scroll","background-type":"","background-media":"","overlay-type":"","overlay-color":"","overlay-opacity":"","overlay-gradient":""},"tablet":{"background-color":"var(--ast-global-color-5)","background-image":"","background-repeat":"repeat","background-position":"center center","background-size":"auto","background-attachment":"scroll","background-type":"","background-media":"","overlay-type":"","overlay-color":"","overlay-opacity":"","overlay-gradient":""},"mobile":{"background-color":"var(--ast-global-color-5)","background-image":"","background-repeat":"repeat","background-position":"center center","background-size":"auto","background-attachment":"scroll","background-type":"","background-media":"","overlay-type":"","overlay-color":"","overlay-opacity":"","overlay-gradient":""}},"footnotes":""},"class_list":["post-3017","page","type-page","status-publish","hentry"],"yoast_head":"<!-- This site is optimized with the Yoast SEO plugin v23.1 - https:\/\/yoast.com\/wordpress\/plugins\/seo\/ -->\n<title>Order Firewood - Le Collectif de Bolton-Ouest<\/title>\n<meta name=\"robots\" content=\"index, follow, max-snippet:-1, max-image-preview:large, max-video-preview:-1\" \/>\n<link rel=\"canonical\" href=\"https:\/\/lecollectifbolton-ouest.ca\/en\/order-firewood\/\" \/>\n<meta property=\"og:locale\" content=\"en_US\" \/>\n<meta property=\"og:type\" content=\"article\" \/>\n<meta property=\"og:title\" content=\"Order Firewood - Le Collectif de Bolton-Ouest\" \/>\n<meta property=\"og:description\" content=\"Ordering firewood Information : Le Clos des Colverts offers you top-quality hardwood firewood. Mixed wood species of maple, ash and cherry. Ideal for slow-burning fireplaces and\/or wood-burning stoves. 16\u2033 logs [&hellip;]\" \/>\n<meta property=\"og:url\" content=\"https:\/\/lecollectifbolton-ouest.ca\/en\/order-firewood\/\" \/>\n<meta property=\"og:site_name\" content=\"Le Collectif de Bolton-Ouest\" \/>\n<meta property=\"article:modified_time\" content=\"2026-04-17T15:45:38+00:00\" \/>\n<meta property=\"og:image\" content=\"https:\/\/lecollectifbolton-ouest.ca\/wp-content\/uploads\/2021\/08\/rayon-10km-1024x561.png\" \/>\n<meta name=\"twitter:card\" content=\"summary_large_image\" \/>\n<meta name=\"twitter:label1\" content=\"Est. reading time\" \/>\n\t<meta name=\"twitter:data1\" content=\"1 minute\" \/>\n<script type=\"application\/ld+json\" class=\"yoast-schema-graph\">{\"@context\":\"https:\/\/schema.org\",\"@graph\":[{\"@type\":\"WebPage\",\"@id\":\"https:\/\/lecollectifbolton-ouest.ca\/en\/order-firewood\/\",\"url\":\"https:\/\/lecollectifbolton-ouest.ca\/en\/order-firewood\/\",\"name\":\"Order Firewood - Le Collectif de Bolton-Ouest\",\"isPartOf\":{\"@id\":\"https:\/\/lecollectifbolton-ouest.ca\/#website\"},\"primaryImageOfPage\":{\"@id\":\"https:\/\/lecollectifbolton-ouest.ca\/en\/order-firewood\/#primaryimage\"},\"image\":{\"@id\":\"https:\/\/lecollectifbolton-ouest.ca\/en\/order-firewood\/#primaryimage\"},\"thumbnailUrl\":\"https:\/\/lecollectifbolton-ouest.ca\/wp-content\/uploads\/2021\/08\/rayon-10km-1024x561.png\",\"datePublished\":\"2022-02-22T15:44:36+00:00\",\"dateModified\":\"2026-04-17T15:45:38+00:00\",\"breadcrumb\":{\"@id\":\"https:\/\/lecollectifbolton-ouest.ca\/en\/order-firewood\/#breadcrumb\"},\"inLanguage\":\"en-US\",\"potentialAction\":[{\"@type\":\"ReadAction\",\"target\":[\"https:\/\/lecollectifbolton-ouest.ca\/en\/order-firewood\/\"]}]},{\"@type\":\"ImageObject\",\"inLanguage\":\"en-US\",\"@id\":\"https:\/\/lecollectifbolton-ouest.ca\/en\/order-firewood\/#primaryimage\",\"url\":\"https:\/\/lecollectifbolton-ouest.ca\/wp-content\/uploads\/2021\/08\/rayon-10km-1024x561.png\",\"contentUrl\":\"https:\/\/lecollectifbolton-ouest.ca\/wp-content\/uploads\/2021\/08\/rayon-10km-1024x561.png\"},{\"@type\":\"BreadcrumbList\",\"@id\":\"https:\/\/lecollectifbolton-ouest.ca\/en\/order-firewood\/#breadcrumb\",\"itemListElement\":[{\"@type\":\"ListItem\",\"position\":1,\"name\":\"Accueil\",\"item\":\"https:\/\/lecollectifbolton-ouest.ca\/en\/\"},{\"@type\":\"ListItem\",\"position\":2,\"name\":\"Order Firewood\"}]},{\"@type\":\"WebSite\",\"@id\":\"https:\/\/lecollectifbolton-ouest.ca\/#website\",\"url\":\"https:\/\/lecollectifbolton-ouest.ca\/\",\"name\":\"Le Collectif de Bolton-Ouest\",\"description\":\"Une histoire \u00e0 cultiver\",\"potentialAction\":[{\"@type\":\"SearchAction\",\"target\":{\"@type\":\"EntryPoint\",\"urlTemplate\":\"https:\/\/lecollectifbolton-ouest.ca\/?s={search_term_string}\"},\"query-input\":\"required name=search_term_string\"}],\"inLanguage\":\"en-US\"}]}<\/script>\n<!-- \/ Yoast SEO plugin. -->","yoast_head_json":{"title":"Order Firewood - Le Collectif de Bolton-Ouest","robots":{"index":"index","follow":"follow","max-snippet":"max-snippet:-1","max-image-preview":"max-image-preview:large","max-video-preview":"max-video-preview:-1"},"canonical":"https:\/\/lecollectifbolton-ouest.ca\/en\/order-firewood\/","og_locale":"en_US","og_type":"article","og_title":"Order Firewood - Le Collectif de Bolton-Ouest","og_description":"Ordering firewood Information : Le Clos des Colverts offers you top-quality hardwood firewood. Mixed wood species of maple, ash and cherry. Ideal for slow-burning fireplaces and\/or wood-burning stoves. 16\u2033 logs [&hellip;]","og_url":"https:\/\/lecollectifbolton-ouest.ca\/en\/order-firewood\/","og_site_name":"Le Collectif de Bolton-Ouest","article_modified_time":"2026-04-17T15:45:38+00:00","og_image":[{"url":"https:\/\/lecollectifbolton-ouest.ca\/wp-content\/uploads\/2021\/08\/rayon-10km-1024x561.png"}],"twitter_card":"summary_large_image","twitter_misc":{"Est. reading time":"1 minute"},"schema":{"@context":"https:\/\/schema.org","@graph":[{"@type":"WebPage","@id":"https:\/\/lecollectifbolton-ouest.ca\/en\/order-firewood\/","url":"https:\/\/lecollectifbolton-ouest.ca\/en\/order-firewood\/","name":"Order Firewood - Le Collectif de Bolton-Ouest","isPartOf":{"@id":"https:\/\/lecollectifbolton-ouest.ca\/#website"},"primaryImageOfPage":{"@id":"https:\/\/lecollectifbolton-ouest.ca\/en\/order-firewood\/#primaryimage"},"image":{"@id":"https:\/\/lecollectifbolton-ouest.ca\/en\/order-firewood\/#primaryimage"},"thumbnailUrl":"https:\/\/lecollectifbolton-ouest.ca\/wp-content\/uploads\/2021\/08\/rayon-10km-1024x561.png","datePublished":"2022-02-22T15:44:36+00:00","dateModified":"2026-04-17T15:45:38+00:00","breadcrumb":{"@id":"https:\/\/lecollectifbolton-ouest.ca\/en\/order-firewood\/#breadcrumb"},"inLanguage":"en-US","potentialAction":[{"@type":"ReadAction","target":["https:\/\/lecollectifbolton-ouest.ca\/en\/order-firewood\/"]}]},{"@type":"ImageObject","inLanguage":"en-US","@id":"https:\/\/lecollectifbolton-ouest.ca\/en\/order-firewood\/#primaryimage","url":"https:\/\/lecollectifbolton-ouest.ca\/wp-content\/uploads\/2021\/08\/rayon-10km-1024x561.png","contentUrl":"https:\/\/lecollectifbolton-ouest.ca\/wp-content\/uploads\/2021\/08\/rayon-10km-1024x561.png"},{"@type":"BreadcrumbList","@id":"https:\/\/lecollectifbolton-ouest.ca\/en\/order-firewood\/#breadcrumb","itemListElement":[{"@type":"ListItem","position":1,"name":"Accueil","item":"https:\/\/lecollectifbolton-ouest.ca\/en\/"},{"@type":"ListItem","position":2,"name":"Order Firewood"}]},{"@type":"WebSite","@id":"https:\/\/lecollectifbolton-ouest.ca\/#website","url":"https:\/\/lecollectifbolton-ouest.ca\/","name":"Le Collectif de Bolton-Ouest","description":"Une histoire \u00e0 cultiver","potentialAction":[{"@type":"SearchAction","target":{"@type":"EntryPoint","urlTemplate":"https:\/\/lecollectifbolton-ouest.ca\/?s={search_term_string}"},"query-input":"required name=search_term_string"}],"inLanguage":"en-US"}]}},"_links":{"self":[{"href":"https:\/\/lecollectifbolton-ouest.ca\/en\/wp-json\/wp\/v2\/pages\/3017"}],"collection":[{"href":"https:\/\/lecollectifbolton-ouest.ca\/en\/wp-json\/wp\/v2\/pages"}],"about":[{"href":"https:\/\/lecollectifbolton-ouest.ca\/en\/wp-json\/wp\/v2\/types\/page"}],"author":[{"embeddable":true,"href":"https:\/\/lecollectifbolton-ouest.ca\/en\/wp-json\/wp\/v2\/users\/6"}],"replies":[{"embeddable":true,"href":"https:\/\/lecollectifbolton-ouest.ca\/en\/wp-json\/wp\/v2\/comments?post=3017"}],"version-history":[{"count":12,"href":"https:\/\/lecollectifbolton-ouest.ca\/en\/wp-json\/wp\/v2\/pages\/3017\/revisions"}],"predecessor-version":[{"id":4233,"href":"https:\/\/lecollectifbolton-ouest.ca\/en\/wp-json\/wp\/v2\/pages\/3017\/revisions\/4233"}],"wp:attachment":[{"href":"https:\/\/lecollectifbolton-ouest.ca\/en\/wp-json\/wp\/v2\/media?parent=3017"}],"curies":[{"name":"wp","href":"https:\/\/api.w.org\/{rel}","templated":true}]}}